{"id":88260,"date":"2023-11-02T19:18:34","date_gmt":"2023-11-02T19:18:34","guid":{"rendered":"https:\/\/tradepoint.org\/milestones\/"},"modified":"2024-03-05T23:28:38","modified_gmt":"2024-03-05T23:28:38","slug":"hitos","status":"publish","type":"page","link":"https:\/\/www.tradepoint.org\/es\/hitos\/","title":{"rendered":"Hitos hist\u00f3ricos"},"content":{"rendered":"<div class=\"wpb-content-wrapper\"><p>[vc_row row_height_percent=\u00bb0&#8243; overlay_alpha=\u00bb50&#8243; equal_height=\u00bbyes\u00bb gutter_size=\u00bb2&#8243; column_width_percent=\u00bb75&#8243; shift_y=\u00bb0&#8243; z_index=\u00bb0&#8243; uncode_shortcode_id=\u00bb124263&#8243; css=\u00bb.vc_custom_1709583107104{margin-bottom: 0px !important;padding-bottom: 0px !important;}\u00bb shape_dividers=\u00bb\u00bb][vc_column column_width_percent=\u00bb100&#8243; position_horizontal=\u00bbright\u00bb position_vertical=\u00bbmiddle\u00bb align_horizontal=\u00bbalign_right\u00bb gutter_size=\u00bb0&#8243; overlay_alpha=\u00bb50&#8243; shift_x=\u00bb0&#8243; shift_y=\u00bb0&#8243; shift_y_down=\u00bb0&#8243; z_index=\u00bb0&#8243; medium_width=\u00bb0&#8243; mobile_width=\u00bb0&#8243; width=\u00bb1\/4&#8243; uncode_shortcode_id=\u00bb180057&#8243; css=\u00bb.vc_custom_1709582051703{padding-top: 0px !important;padding-right: 20px !important;padding-bottom: 0px !important;}\u00bb][vc_custom_heading text_size=\u00bbfontsize-155944&#8243; text_weight=\u00bb500&#8243; uncode_shortcode_id=\u00bb376106&#8243;]1992[\/vc_custom_heading][\/vc_column][vc_column column_width_percent=\u00bb100&#8243; position_horizontal=\u00bbleft\u00bb position_vertical=\u00bbmiddle\u00bb gutter_size=\u00bb3&#8243; overlay_alpha=\u00bb50&#8243; shift_x=\u00bb0&#8243; shift_y=\u00bb0&#8243; shift_y_down=\u00bb0&#8243; z_index=\u00bb0&#8243; medium_width=\u00bb0&#8243; mobile_width=\u00bb0&#8243; width=\u00bb1\/2&#8243; uncode_shortcode_id=\u00bb151044&#8243; css=\u00bb.vc_custom_1709581935318{padding-left: 20px !important;}\u00bb][vc_column_text uncode_shortcode_id=\u00bb210981&#8243;]En el marco de la UNCTAD VIII se crea el programa Trade Point en Cartagena de Indias, Colombia.[\/vc_column_text][\/vc_column][vc_column column_width_percent=\u00bb100&#8243; gutter_size=\u00bb3&#8243; overlay_alpha=\u00bb50&#8243; shift_x=\u00bb0&#8243; shift_y=\u00bb0&#8243; shift_y_down=\u00bb0&#8243; z_index=\u00bb0&#8243; medium_width=\u00bb0&#8243; mobile_width=\u00bb0&#8243; width=\u00bb1\/4&#8243; uncode_shortcode_id=\u00bb211272&#8243; el_class=\u00bbhitos\u00bb][vc_single_image media=\u00bb87558&#8243; media_width_use_pixel=\u00bbyes\u00bb uncode_shortcode_id=\u00bb204839&#8243; el_class=\u00bbyear\u00bb media_width_pixel=\u00bb180&#8243;][\/vc_column][\/vc_row][vc_row row_height_percent=\u00bb0&#8243; back_color=\u00bbcolor-lxmt\u00bb overlay_alpha=\u00bb50&#8243; equal_height=\u00bbyes\u00bb gutter_size=\u00bb2&#8243; column_width_percent=\u00bb75&#8243; shift_y=\u00bb0&#8243; z_index=\u00bb0&#8243; uncode_shortcode_id=\u00bb163135&#8243; css=\u00bb.vc_custom_1709582494159{margin-bottom: 0px !important;padding-bottom: 0px !important;}\u00bb back_color_type=\u00bbuncode-palette\u00bb shape_dividers=\u00bb\u00bb row_height_pixel=\u00bb150px\u00bb][vc_column column_width_percent=\u00bb100&#8243; position_horizontal=\u00bbright\u00bb position_vertical=\u00bbmiddle\u00bb align_horizontal=\u00bbalign_right\u00bb gutter_size=\u00bb0&#8243; overlay_alpha=\u00bb50&#8243; shift_x=\u00bb0&#8243; shift_y=\u00bb0&#8243; shift_y_down=\u00bb0&#8243; z_index=\u00bb0&#8243; medium_width=\u00bb0&#8243; mobile_width=\u00bb0&#8243; width=\u00bb1\/4&#8243; uncode_shortcode_id=\u00bb180057&#8243; css=\u00bb.vc_custom_1709582051703{padding-top: 0px !important;padding-right: 20px !important;padding-bottom: 0px !important;}\u00bb][vc_custom_heading text_size=\u00bbfontsize-155944&#8243; text_weight=\u00bb500&#8243; uncode_shortcode_id=\u00bb185640&#8243;]1993[\/vc_custom_heading][\/vc_column][vc_column column_width_percent=\u00bb100&#8243; position_horizontal=\u00bbleft\u00bb position_vertical=\u00bbmiddle\u00bb gutter_size=\u00bb3&#8243; overlay_alpha=\u00bb50&#8243; shift_x=\u00bb0&#8243; shift_y=\u00bb0&#8243; shift_y_down=\u00bb0&#8243; z_index=\u00bb0&#8243; medium_width=\u00bb0&#8243; mobile_width=\u00bb0&#8243; width=\u00bb1\/2&#8243; uncode_shortcode_id=\u00bb151044&#8243; css=\u00bb.vc_custom_1709581935318{padding-left: 20px !important;}\u00bb][vc_column_text uncode_shortcode_id=\u00bb173965&#8243; css=\u00bb.vc_custom_1709580707759{margin-top: 0px !important;padding-top: 0px !important;}\u00bb]Se lanza el sistema ETO del programa Trade Point, uno de los primeros sistemas de oportunidades comerciales electr\u00f3nicas de la historia.[\/vc_column_text][\/vc_column][vc_column column_width_percent=\u00bb100&#8243; gutter_size=\u00bb3&#8243; overlay_alpha=\u00bb50&#8243; shift_x=\u00bb0&#8243; shift_y=\u00bb0&#8243; shift_y_down=\u00bb0&#8243; z_index=\u00bb0&#8243; medium_width=\u00bb0&#8243; mobile_width=\u00bb0&#8243; width=\u00bb1\/4&#8243; uncode_shortcode_id=\u00bb211272&#8243; el_class=\u00bbhitos\u00bb][\/vc_column][\/vc_row][vc_row row_height_percent=\u00bb0&#8243; overlay_alpha=\u00bb50&#8243; equal_height=\u00bbyes\u00bb gutter_size=\u00bb2&#8243; column_width_percent=\u00bb75&#8243; shift_y=\u00bb0&#8243; z_index=\u00bb0&#8243; uncode_shortcode_id=\u00bb145078&#8243; css=\u00bb.vc_custom_1709581890808{margin-bottom: 0px !important;padding-bottom: 0px !important;}\u00bb shape_dividers=\u00bb\u00bb][vc_column column_width_percent=\u00bb100&#8243; position_horizontal=\u00bbright\u00bb position_vertical=\u00bbmiddle\u00bb align_horizontal=\u00bbalign_right\u00bb gutter_size=\u00bb0&#8243; overlay_alpha=\u00bb50&#8243; shift_x=\u00bb0&#8243; shift_y=\u00bb0&#8243; shift_y_down=\u00bb0&#8243; z_index=\u00bb0&#8243; medium_width=\u00bb0&#8243; mobile_width=\u00bb0&#8243; width=\u00bb1\/4&#8243; uncode_shortcode_id=\u00bb180057&#8243; css=\u00bb.vc_custom_1709582051703{padding-top: 0px !important;padding-right: 20px !important;padding-bottom: 0px !important;}\u00bb][vc_custom_heading text_size=\u00bbfontsize-155944&#8243; text_weight=\u00bb500&#8243; uncode_shortcode_id=\u00bb387123&#8243;]1994[\/vc_custom_heading][\/vc_column][vc_column column_width_percent=\u00bb100&#8243; position_horizontal=\u00bbleft\u00bb position_vertical=\u00bbmiddle\u00bb gutter_size=\u00bb3&#8243; overlay_alpha=\u00bb50&#8243; shift_x=\u00bb0&#8243; shift_y=\u00bb0&#8243; shift_y_down=\u00bb0&#8243; z_index=\u00bb0&#8243; medium_width=\u00bb0&#8243; mobile_width=\u00bb0&#8243; width=\u00bb1\/2&#8243; uncode_shortcode_id=\u00bb151044&#8243; css=\u00bb.vc_custom_1709581935318{padding-left: 20px !important;}\u00bb][vc_column_text uncode_shortcode_id=\u00bb435174&#8243; css=\u00bb.vc_custom_1709580742165{margin-top: 0px !important;padding-top: 0px !important;}\u00bb]Durante el Simposio Internacional sobre Eficiencia Comercial en Columbus, Ohio, el Secretario General de Naciones Unidas Boutros Boutros-Ghali anuncia el lanzamiento oficial de la Global Trade Point Network para interconectar formalmente a los Trade Points alrededor del mundo.[\/vc_column_text][\/vc_column][vc_column column_width_percent=\u00bb100&#8243; gutter_size=\u00bb3&#8243; overlay_alpha=\u00bb50&#8243; shift_x=\u00bb0&#8243; shift_y=\u00bb0&#8243; shift_y_down=\u00bb0&#8243; z_index=\u00bb0&#8243; medium_width=\u00bb0&#8243; mobile_width=\u00bb0&#8243; width=\u00bb1\/4&#8243; uncode_shortcode_id=\u00bb211272&#8243; el_class=\u00bbhitos\u00bb][\/vc_column][\/vc_row][vc_row row_height_percent=\u00bb0&#8243; back_color=\u00bbcolor-lxmt\u00bb overlay_alpha=\u00bb50&#8243; equal_height=\u00bbyes\u00bb gutter_size=\u00bb2&#8243; column_width_percent=\u00bb75&#8243; shift_y=\u00bb0&#8243; z_index=\u00bb0&#8243; uncode_shortcode_id=\u00bb163135&#8243; css=\u00bb.vc_custom_1709582494159{margin-bottom: 0px !important;padding-bottom: 0px !important;}\u00bb back_color_type=\u00bbuncode-palette\u00bb shape_dividers=\u00bb\u00bb row_height_pixel=\u00bb150px\u00bb][vc_column column_width_percent=\u00bb100&#8243; position_horizontal=\u00bbright\u00bb position_vertical=\u00bbmiddle\u00bb align_horizontal=\u00bbalign_right\u00bb gutter_size=\u00bb0&#8243; overlay_alpha=\u00bb50&#8243; shift_x=\u00bb0&#8243; shift_y=\u00bb0&#8243; shift_y_down=\u00bb0&#8243; z_index=\u00bb0&#8243; medium_width=\u00bb0&#8243; mobile_width=\u00bb0&#8243; width=\u00bb1\/4&#8243; uncode_shortcode_id=\u00bb180057&#8243; css=\u00bb.vc_custom_1709582051703{padding-top: 0px !important;padding-right: 20px !important;padding-bottom: 0px !important;}\u00bb][vc_custom_heading text_size=\u00bbfontsize-155944&#8243; text_weight=\u00bb500&#8243; uncode_shortcode_id=\u00bb189610&#8243;]1996[\/vc_custom_heading][\/vc_column][vc_column column_width_percent=\u00bb100&#8243; position_horizontal=\u00bbleft\u00bb position_vertical=\u00bbmiddle\u00bb gutter_size=\u00bb3&#8243; overlay_alpha=\u00bb50&#8243; shift_x=\u00bb0&#8243; shift_y=\u00bb0&#8243; shift_y_down=\u00bb0&#8243; z_index=\u00bb0&#8243; medium_width=\u00bb0&#8243; mobile_width=\u00bb0&#8243; width=\u00bb1\/2&#8243; uncode_shortcode_id=\u00bb151044&#8243; css=\u00bb.vc_custom_1709581935318{padding-left: 20px !important;}\u00bb][vc_column_text uncode_shortcode_id=\u00bb154065&#8243; css=\u00bb.vc_custom_1709582578543{margin-top: 0px !important;padding-top: 0px !important;}\u00bb]La Global Trade Point Network se convierte en la principal red global pre\/transaccional para el comercio electr\u00f3nico.[\/vc_column_text][\/vc_column][vc_column column_width_percent=\u00bb100&#8243; gutter_size=\u00bb3&#8243; overlay_alpha=\u00bb50&#8243; shift_x=\u00bb0&#8243; shift_y=\u00bb0&#8243; shift_y_down=\u00bb0&#8243; z_index=\u00bb0&#8243; medium_width=\u00bb0&#8243; mobile_width=\u00bb0&#8243; width=\u00bb1\/4&#8243; uncode_shortcode_id=\u00bb211272&#8243; el_class=\u00bbhitos\u00bb][\/vc_column][\/vc_row][vc_row row_height_percent=\u00bb0&#8243; overlay_alpha=\u00bb50&#8243; equal_height=\u00bbyes\u00bb gutter_size=\u00bb2&#8243; column_width_percent=\u00bb75&#8243; shift_y=\u00bb0&#8243; z_index=\u00bb0&#8243; uncode_shortcode_id=\u00bb145078&#8243; css=\u00bb.vc_custom_1709581890808{margin-bottom: 0px !important;padding-bottom: 0px !important;}\u00bb shape_dividers=\u00bb\u00bb][vc_column column_width_percent=\u00bb100&#8243; position_horizontal=\u00bbright\u00bb position_vertical=\u00bbmiddle\u00bb align_horizontal=\u00bbalign_right\u00bb gutter_size=\u00bb0&#8243; overlay_alpha=\u00bb50&#8243; shift_x=\u00bb0&#8243; shift_y=\u00bb0&#8243; shift_y_down=\u00bb0&#8243; z_index=\u00bb0&#8243; medium_width=\u00bb0&#8243; mobile_width=\u00bb0&#8243; width=\u00bb1\/4&#8243; uncode_shortcode_id=\u00bb180057&#8243; css=\u00bb.vc_custom_1709582051703{padding-top: 0px !important;padding-right: 20px !important;padding-bottom: 0px !important;}\u00bb][vc_custom_heading text_size=\u00bbfontsize-155944&#8243; text_weight=\u00bb500&#8243; uncode_shortcode_id=\u00bb163884&#8243;]2000[\/vc_custom_heading][\/vc_column][vc_column column_width_percent=\u00bb100&#8243; position_horizontal=\u00bbleft\u00bb position_vertical=\u00bbmiddle\u00bb gutter_size=\u00bb3&#8243; overlay_alpha=\u00bb50&#8243; shift_x=\u00bb0&#8243; shift_y=\u00bb0&#8243; shift_y_down=\u00bb0&#8243; z_index=\u00bb0&#8243; medium_width=\u00bb0&#8243; mobile_width=\u00bb0&#8243; width=\u00bb1\/2&#8243; uncode_shortcode_id=\u00bb151044&#8243; css=\u00bb.vc_custom_1709581935318{padding-left: 20px !important;}\u00bb][vc_column_text uncode_shortcode_id=\u00bb127272&#8243; css=\u00bb.vc_custom_1709582644111{margin-top: 0px !important;padding-top: 0px !important;}\u00bb]Con la presencia de 160 participantes de 66 pa\u00edses se crea en la ciudad de Ginebra la Federaci\u00f3n Mundial de Trade Points, con el objetivo de tomar el manejo del Programa Trade Point y dotarlo de un entorno m\u00e1s flexible y eficiente para cooperar con el sector privado.[\/vc_column_text][\/vc_column][vc_column column_width_percent=\u00bb100&#8243; gutter_size=\u00bb3&#8243; overlay_alpha=\u00bb50&#8243; shift_x=\u00bb0&#8243; shift_y=\u00bb0&#8243; shift_y_down=\u00bb0&#8243; z_index=\u00bb0&#8243; medium_width=\u00bb0&#8243; mobile_width=\u00bb0&#8243; width=\u00bb1\/4&#8243; uncode_shortcode_id=\u00bb211272&#8243; el_class=\u00bbhitos\u00bb][vc_single_image media=\u00bb87556&#8243; media_width_use_pixel=\u00bbyes\u00bb alignment=\u00bbcenter\u00bb uncode_shortcode_id=\u00bb991998&#8243; el_class=\u00bbyear\u00bb media_width_pixel=\u00bb180&#8243;][\/vc_column][\/vc_row][vc_row row_height_percent=\u00bb0&#8243; back_color=\u00bbcolor-lxmt\u00bb overlay_alpha=\u00bb50&#8243; equal_height=\u00bbyes\u00bb gutter_size=\u00bb2&#8243; column_width_percent=\u00bb75&#8243; shift_y=\u00bb0&#8243; z_index=\u00bb0&#8243; uncode_shortcode_id=\u00bb163135&#8243; css=\u00bb.vc_custom_1709582494159{margin-bottom: 0px !important;padding-bottom: 0px !important;}\u00bb back_color_type=\u00bbuncode-palette\u00bb shape_dividers=\u00bb\u00bb row_height_pixel=\u00bb150px\u00bb][vc_column column_width_percent=\u00bb100&#8243; position_horizontal=\u00bbright\u00bb position_vertical=\u00bbmiddle\u00bb align_horizontal=\u00bbalign_right\u00bb gutter_size=\u00bb0&#8243; overlay_alpha=\u00bb50&#8243; shift_x=\u00bb0&#8243; shift_y=\u00bb0&#8243; shift_y_down=\u00bb0&#8243; z_index=\u00bb0&#8243; medium_width=\u00bb0&#8243; mobile_width=\u00bb0&#8243; width=\u00bb1\/4&#8243; uncode_shortcode_id=\u00bb180057&#8243; css=\u00bb.vc_custom_1709582051703{padding-top: 0px !important;padding-right: 20px !important;padding-bottom: 0px !important;}\u00bb][vc_custom_heading text_size=\u00bbfontsize-155944&#8243; text_weight=\u00bb500&#8243; uncode_shortcode_id=\u00bb172658&#8243;]2002[\/vc_custom_heading][\/vc_column][vc_column column_width_percent=\u00bb100&#8243; position_horizontal=\u00bbleft\u00bb position_vertical=\u00bbmiddle\u00bb gutter_size=\u00bb3&#8243; overlay_alpha=\u00bb50&#8243; shift_x=\u00bb0&#8243; shift_y=\u00bb0&#8243; shift_y_down=\u00bb0&#8243; z_index=\u00bb0&#8243; medium_width=\u00bb0&#8243; mobile_width=\u00bb0&#8243; width=\u00bb1\/2&#8243; uncode_shortcode_id=\u00bb151044&#8243; css=\u00bb.vc_custom_1709581935318{padding-left: 20px !important;}\u00bb][vc_column_text uncode_shortcode_id=\u00bb167709&#8243; css=\u00bb.vc_custom_1709582759976{margin-top: 0px !important;padding-top: 0px !important;}\u00bb]En el marco de la III Asamblea de la WTPF en la ciudad de Beirut se transfiere oficialmente a la Federaci\u00f3n el Programa Trade Point de las Naciones Unidas.[\/vc_column_text][\/vc_column][vc_column column_width_percent=\u00bb100&#8243; gutter_size=\u00bb3&#8243; overlay_alpha=\u00bb50&#8243; shift_x=\u00bb0&#8243; shift_y=\u00bb0&#8243; shift_y_down=\u00bb0&#8243; z_index=\u00bb0&#8243; medium_width=\u00bb0&#8243; mobile_width=\u00bb0&#8243; width=\u00bb1\/4&#8243; uncode_shortcode_id=\u00bb211272&#8243; el_class=\u00bbhitos\u00bb][\/vc_column][\/vc_row][vc_row row_height_percent=\u00bb0&#8243; overlay_alpha=\u00bb50&#8243; equal_height=\u00bbyes\u00bb gutter_size=\u00bb2&#8243; column_width_percent=\u00bb75&#8243; shift_y=\u00bb0&#8243; z_index=\u00bb0&#8243; uncode_shortcode_id=\u00bb145078&#8243; css=\u00bb.vc_custom_1709581890808{margin-bottom: 0px !important;padding-bottom: 0px !important;}\u00bb shape_dividers=\u00bb\u00bb][vc_column column_width_percent=\u00bb100&#8243; position_horizontal=\u00bbright\u00bb position_vertical=\u00bbmiddle\u00bb align_horizontal=\u00bbalign_right\u00bb gutter_size=\u00bb0&#8243; overlay_alpha=\u00bb50&#8243; shift_x=\u00bb0&#8243; shift_y=\u00bb0&#8243; shift_y_down=\u00bb0&#8243; z_index=\u00bb0&#8243; medium_width=\u00bb0&#8243; mobile_width=\u00bb0&#8243; width=\u00bb1\/4&#8243; uncode_shortcode_id=\u00bb180057&#8243; css=\u00bb.vc_custom_1709582051703{padding-top: 0px !important;padding-right: 20px !important;padding-bottom: 0px !important;}\u00bb][vc_custom_heading text_size=\u00bbfontsize-155944&#8243; text_weight=\u00bb500&#8243; uncode_shortcode_id=\u00bb110303&#8243;]2004[\/vc_custom_heading][\/vc_column][vc_column column_width_percent=\u00bb100&#8243; position_horizontal=\u00bbleft\u00bb position_vertical=\u00bbmiddle\u00bb gutter_size=\u00bb3&#8243; overlay_alpha=\u00bb50&#8243; shift_x=\u00bb0&#8243; shift_y=\u00bb0&#8243; shift_y_down=\u00bb0&#8243; z_index=\u00bb0&#8243; medium_width=\u00bb0&#8243; mobile_width=\u00bb0&#8243; width=\u00bb1\/2&#8243; uncode_shortcode_id=\u00bb151044&#8243; css=\u00bb.vc_custom_1709581935318{padding-left: 20px !important;}\u00bb][vc_column_text uncode_shortcode_id=\u00bb134585&#8243; css=\u00bb.vc_custom_1709582830935{margin-top: 0px !important;padding-top: 0px !important;}\u00bb]En la ciudad de Nueva York, la WTPF obtiene el estado consultivo del Consejo Econ\u00f3mico y Social de las Naciones Unidas. Esto representa el m\u00e1s alto estatus que las Naciones Unidas reconoce a las organizaciones no gubernamentales permiti\u00e9ndoles participar de las labores de la organizaci\u00f3n.[\/vc_column_text][\/vc_column][vc_column column_width_percent=\u00bb100&#8243; gutter_size=\u00bb3&#8243; overlay_alpha=\u00bb50&#8243; shift_x=\u00bb0&#8243; shift_y=\u00bb0&#8243; shift_y_down=\u00bb0&#8243; z_index=\u00bb0&#8243; medium_width=\u00bb0&#8243; mobile_width=\u00bb0&#8243; width=\u00bb1\/4&#8243; uncode_shortcode_id=\u00bb211272&#8243; el_class=\u00bbhitos\u00bb][\/vc_column][\/vc_row][vc_row row_height_percent=\u00bb0&#8243; back_color=\u00bbcolor-lxmt\u00bb overlay_alpha=\u00bb50&#8243; equal_height=\u00bbyes\u00bb gutter_size=\u00bb2&#8243; column_width_percent=\u00bb75&#8243; shift_y=\u00bb0&#8243; z_index=\u00bb0&#8243; uncode_shortcode_id=\u00bb163135&#8243; css=\u00bb.vc_custom_1709582494159{margin-bottom: 0px !important;padding-bottom: 0px !important;}\u00bb back_color_type=\u00bbuncode-palette\u00bb shape_dividers=\u00bb\u00bb row_height_pixel=\u00bb150px\u00bb][vc_column column_width_percent=\u00bb100&#8243; position_horizontal=\u00bbright\u00bb position_vertical=\u00bbmiddle\u00bb align_horizontal=\u00bbalign_right\u00bb gutter_size=\u00bb0&#8243; overlay_alpha=\u00bb50&#8243; shift_x=\u00bb0&#8243; shift_y=\u00bb0&#8243; shift_y_down=\u00bb0&#8243; z_index=\u00bb0&#8243; medium_width=\u00bb0&#8243; mobile_width=\u00bb0&#8243; width=\u00bb1\/4&#8243; uncode_shortcode_id=\u00bb180057&#8243; css=\u00bb.vc_custom_1709582051703{padding-top: 0px !important;padding-right: 20px !important;padding-bottom: 0px !important;}\u00bb][vc_custom_heading text_size=\u00bbfontsize-155944&#8243; text_weight=\u00bb500&#8243; uncode_shortcode_id=\u00bb419418&#8243;]2014[\/vc_custom_heading][\/vc_column][vc_column column_width_percent=\u00bb100&#8243; position_horizontal=\u00bbleft\u00bb position_vertical=\u00bbmiddle\u00bb gutter_size=\u00bb3&#8243; overlay_alpha=\u00bb50&#8243; shift_x=\u00bb0&#8243; shift_y=\u00bb0&#8243; shift_y_down=\u00bb0&#8243; z_index=\u00bb0&#8243; medium_width=\u00bb0&#8243; mobile_width=\u00bb0&#8243; width=\u00bb1\/2&#8243; uncode_shortcode_id=\u00bb151044&#8243; css=\u00bb.vc_custom_1709581935318{padding-left: 20px !important;}\u00bb][vc_column_text uncode_shortcode_id=\u00bb193044&#8243; css=\u00bb.vc_custom_1709582886792{margin-top: 0px !important;padding-top: 0px !important;}\u00bb]La WTPF firma, en la ciudad de Beijing, un acuerdo de cooperaci\u00f3n con la Comisi\u00f3n Municipal de Comercio de Beijing para el establecimiento, en dicha ciudad, del Secretariado de la Federaci\u00f3n obteniendo la autorizaci\u00f3n, licencia y apoyo de dicho Gobierno Municipal.[\/vc_column_text][\/vc_column][vc_column column_width_percent=\u00bb100&#8243; gutter_size=\u00bb3&#8243; overlay_alpha=\u00bb50&#8243; shift_x=\u00bb0&#8243; shift_y=\u00bb0&#8243; shift_y_down=\u00bb0&#8243; z_index=\u00bb0&#8243; medium_width=\u00bb0&#8243; mobile_width=\u00bb0&#8243; width=\u00bb1\/4&#8243; uncode_shortcode_id=\u00bb211272&#8243; el_class=\u00bbhitos\u00bb][\/vc_column][\/vc_row][vc_row row_height_percent=\u00bb0&#8243; overlay_alpha=\u00bb50&#8243; equal_height=\u00bbyes\u00bb gutter_size=\u00bb2&#8243; column_width_percent=\u00bb75&#8243; shift_y=\u00bb0&#8243; z_index=\u00bb0&#8243; uncode_shortcode_id=\u00bb145078&#8243; css=\u00bb.vc_custom_1709581890808{margin-bottom: 0px !important;padding-bottom: 0px !important;}\u00bb shape_dividers=\u00bb\u00bb][vc_column column_width_percent=\u00bb100&#8243; position_horizontal=\u00bbright\u00bb position_vertical=\u00bbmiddle\u00bb align_horizontal=\u00bbalign_right\u00bb gutter_size=\u00bb0&#8243; overlay_alpha=\u00bb50&#8243; shift_x=\u00bb0&#8243; shift_y=\u00bb0&#8243; shift_y_down=\u00bb0&#8243; z_index=\u00bb0&#8243; medium_width=\u00bb0&#8243; mobile_width=\u00bb0&#8243; width=\u00bb1\/4&#8243; uncode_shortcode_id=\u00bb180057&#8243; css=\u00bb.vc_custom_1709582051703{padding-top: 0px !important;padding-right: 20px !important;padding-bottom: 0px !important;}\u00bb][vc_custom_heading text_size=\u00bbfontsize-155944&#8243; text_weight=\u00bb500&#8243; uncode_shortcode_id=\u00bb183098&#8243;]2021[\/vc_custom_heading][\/vc_column][vc_column column_width_percent=\u00bb100&#8243; position_horizontal=\u00bbleft\u00bb position_vertical=\u00bbmiddle\u00bb gutter_size=\u00bb3&#8243; overlay_alpha=\u00bb50&#8243; shift_x=\u00bb0&#8243; shift_y=\u00bb0&#8243; shift_y_down=\u00bb0&#8243; z_index=\u00bb0&#8243; medium_width=\u00bb0&#8243; mobile_width=\u00bb0&#8243; width=\u00bb1\/2&#8243; uncode_shortcode_id=\u00bb151044&#8243; css=\u00bb.vc_custom_1709581935318{padding-left: 20px !important;}\u00bb][vc_column_text uncode_shortcode_id=\u00bb111901&#8243; css=\u00bb.vc_custom_1709582964768{margin-top: 0px !important;padding-top: 0px !important;}\u00bb]En el marco de las actividades con motivo de los 20 a\u00f1os de la creaci\u00f3n de la WTPF, tendr\u00e1 lugar en la ciudad de Cartagena, Espa\u00f1a, un evento internacional donde se presentar\u00e1 la iniciativa \u201cTradepoint Nueva Generaci\u00f3n\u201d, una bater\u00eda de nuevas herramientas para repotenciar al programa y recolocarlo a la vanguardia mundial en materia de apoyo a las PYMES en el entorno de la econom\u00eda digital.[\/vc_column_text][\/vc_column][vc_column column_width_percent=\u00bb100&#8243; gutter_size=\u00bb3&#8243; overlay_alpha=\u00bb50&#8243; shift_x=\u00bb0&#8243; shift_y=\u00bb0&#8243; shift_y_down=\u00bb0&#8243; z_index=\u00bb0&#8243; medium_width=\u00bb0&#8243; mobile_width=\u00bb0&#8243; width=\u00bb1\/4&#8243; uncode_shortcode_id=\u00bb211272&#8243; el_class=\u00bbhitos\u00bb][vc_single_image media=\u00bb87554&#8243; media_width_use_pixel=\u00bbyes\u00bb alignment=\u00bbcenter\u00bb uncode_shortcode_id=\u00bb168629&#8243; el_class=\u00bbyear\u00bb media_width_pixel=\u00bb180&#8243;][\/vc_column][\/vc_row][vc_row row_height_percent=\u00bb0&#8243; back_color=\u00bbcolor-lxmt\u00bb overlay_alpha=\u00bb50&#8243; equal_height=\u00bbyes\u00bb gutter_size=\u00bb2&#8243; column_width_percent=\u00bb75&#8243; shift_y=\u00bb0&#8243; z_index=\u00bb0&#8243; uncode_shortcode_id=\u00bb163135&#8243; css=\u00bb.vc_custom_1709582494159{margin-bottom: 0px !important;padding-bottom: 0px !important;}\u00bb back_color_type=\u00bbuncode-palette\u00bb shape_dividers=\u00bb\u00bb row_height_pixel=\u00bb150px\u00bb][vc_column column_width_percent=\u00bb100&#8243; position_horizontal=\u00bbright\u00bb position_vertical=\u00bbmiddle\u00bb align_horizontal=\u00bbalign_right\u00bb gutter_size=\u00bb0&#8243; overlay_alpha=\u00bb50&#8243; shift_x=\u00bb0&#8243; shift_y=\u00bb0&#8243; shift_y_down=\u00bb0&#8243; z_index=\u00bb0&#8243; medium_width=\u00bb0&#8243; mobile_width=\u00bb0&#8243; width=\u00bb1\/4&#8243; uncode_shortcode_id=\u00bb180057&#8243; css=\u00bb.vc_custom_1709582051703{padding-top: 0px !important;padding-right: 20px !important;padding-bottom: 0px !important;}\u00bb][vc_custom_heading text_size=\u00bbfontsize-155944&#8243; text_weight=\u00bb500&#8243; uncode_shortcode_id=\u00bb159305&#8243;]2023[\/vc_custom_heading][\/vc_column][vc_column column_width_percent=\u00bb100&#8243; position_horizontal=\u00bbleft\u00bb position_vertical=\u00bbmiddle\u00bb gutter_size=\u00bb3&#8243; overlay_alpha=\u00bb50&#8243; shift_x=\u00bb0&#8243; shift_y=\u00bb0&#8243; shift_y_down=\u00bb0&#8243; z_index=\u00bb0&#8243; medium_width=\u00bb0&#8243; mobile_width=\u00bb0&#8243; width=\u00bb1\/2&#8243; uncode_shortcode_id=\u00bb151044&#8243; css=\u00bb.vc_custom_1709581935318{padding-left: 20px !important;}\u00bb][vc_column_text uncode_shortcode_id=\u00bb182660&#8243; css=\u00bb.vc_custom_1709583072215{margin-top: 0px !important;padding-top: 0px !important;}\u00bb]Se firma la constituci\u00f3n y puesta en marcha del E-Trade Desk ASEPIO \u2013 Alcantarilla, Murcia (Espa\u00f1a), siendo el primero a nivel mundial, teniendo como objetivo fortalecer la Global Trade Point Network (GTPNet) y facilitar el acceso a las Pymes al comercio electr\u00f3nico transfronterizo.[\/vc_column_text][\/vc_column][vc_column column_width_percent=\u00bb100&#8243; gutter_size=\u00bb3&#8243; overlay_alpha=\u00bb50&#8243; shift_x=\u00bb0&#8243; shift_y=\u00bb0&#8243; shift_y_down=\u00bb0&#8243; z_index=\u00bb0&#8243; medium_width=\u00bb0&#8243; mobile_width=\u00bb0&#8243; width=\u00bb1\/4&#8243; uncode_shortcode_id=\u00bb211272&#8243; el_class=\u00bbhitos\u00bb][\/vc_column][\/vc_row]<\/p>\n<\/div>","protected":false},"excerpt":{"rendered":"<p>[vc_row row_height_percent=\u00bb0&#8243; overlay_alpha=\u00bb50&#8243; equal_height=\u00bbyes\u00bb gutter_size=\u00bb2&#8243; column_width_percent=\u00bb75&#8243; shift_y=\u00bb0&#8243; z_index=\u00bb0&#8243; uncode_shortcode_id=\u00bb124263&#8243; css=\u00bb.vc_custom_1709583107104{margin-bottom: 0px !important;padding-bottom: 0px !important;}\u00bb shape_dividers=\u00bb\u00bb][vc_column column_width_percent=\u00bb100&#8243; position_horizontal=\u00bbright\u00bb position_vertical=\u00bbmiddle\u00bb align_horizontal=\u00bbalign_right\u00bb gutter_size=\u00bb0&#8243; [&hellip;]<\/p>\n","protected":false},"author":1,"featured_media":87530,"parent":0,"menu_order":0,"comment_status":"closed","ping_status":"closed","template":"","meta":{"footnotes":""},"class_list":["post-88260","page","type-page","status-publish","has-post-thumbnail","hentry"],"_links":{"self":[{"href":"https:\/\/www.tradepoint.org\/es\/wp-json\/wp\/v2\/pages\/88260","targetHints":{"allow":["GET"]}}],"collection":[{"href":"https:\/\/www.tradepoint.org\/es\/wp-json\/wp\/v2\/pages"}],"about":[{"href":"https:\/\/www.tradepoint.org\/es\/wp-json\/wp\/v2\/types\/page"}],"author":[{"embeddable":true,"href":"https:\/\/www.tradepoint.org\/es\/wp-json\/wp\/v2\/users\/1"}],"replies":[{"embeddable":true,"href":"https:\/\/www.tradepoint.org\/es\/wp-json\/wp\/v2\/comments?post=88260"}],"version-history":[{"count":0,"href":"https:\/\/www.tradepoint.org\/es\/wp-json\/wp\/v2\/pages\/88260\/revisions"}],"wp:featuredmedia":[{"embeddable":true,"href":"https:\/\/www.tradepoint.org\/es\/wp-json\/wp\/v2\/media\/87530"}],"wp:attachment":[{"href":"https:\/\/www.tradepoint.org\/es\/wp-json\/wp\/v2\/media?parent=88260"}],"curies":[{"name":"wp","href":"https:\/\/api.w.org\/{rel}","templated":true}]}}