{"id":86177,"date":"2020-08-11T15:58:12","date_gmt":"2020-08-11T15:58:12","guid":{"rendered":"https:\/\/tradepoint.org\/?page_id=86177"},"modified":"2024-12-07T22:10:11","modified_gmt":"2024-12-07T22:10:11","slug":"congresos-conferencias","status":"publish","type":"page","link":"https:\/\/www.tradepoint.org\/es\/congresos-conferencias\/","title":{"rendered":"Congresos y Conferencias"},"content":{"rendered":"<div class=\"wpb-content-wrapper\"><p>[vc_row row_height_percent=\u00bb0&#8243; overlay_alpha=\u00bb50&#8243; equal_height=\u00bbyes\u00bb gutter_size=\u00bb3&#8243; column_width_percent=\u00bb100&#8243; shift_y=\u00bb0&#8243; z_index=\u00bb0&#8243; css=\u00bb.vc_custom_1597170689946{padding-right: 10px !important;}\u00bb][vc_column column_width_percent=\u00bb100&#8243; gutter_size=\u00bb3&#8243; overlay_alpha=\u00bb50&#8243; border_color=\u00bbaccent\u00bb border_style=\u00bbsolid\u00bb shift_x=\u00bb0&#8243; shift_y=\u00bb0&#8243; shift_y_down=\u00bb0&#8243; z_index=\u00bb0&#8243; medium_width=\u00bb0&#8243; mobile_width=\u00bb0&#8243; width=\u00bb1\/3&#8243; css=\u00bb.vc_custom_1597170727549{border-right-width: 1px !important;padding-top: 10px !important;padding-right: 10px !important;}\u00bb][vc_custom_heading heading_semantic=\u00bbp\u00bb text_size=\u00bbfontsize-142924&#8243; text_weight=\u00bb400&#8243; uncode_shortcode_id=\u00bb147423&#8243;]En los \u00faltimos a\u00f1os la WTPF ha organizado, asociado a prestigiosas Instituciones, numerosos eventos internacionales entre los que podemos destacar los siguientes:[\/vc_custom_heading][\/vc_column][vc_column width=\u00bb1\/3&#8243;][vc_column_text el_class=\u00bbdescripcion\u00bb]<\/p>\n<ul>\n<li><span style=\"color: #004989;\"><strong>IV Foro de Econom\u00eda Creativa<\/strong><\/span>, en asociaci\u00f3n con la Comisi\u00f3n de Naciones Unidas para el Comercio y el Desarrollo (UNCTAD) y la Comisi\u00f3n Municipal de Comercio de Beijing. 2019 Beijing China.<\/li>\n<li><span style=\"color: #004989;\"><strong>III Foro One Belt and One Road para la cooperaci\u00f3n entre ciudades chinas y rusas<\/strong><\/span>, en asociaci\u00f3n con Rusia &#8211; Asociaci\u00f3n de Cooperaci\u00f3n Estrat\u00e9gica de China. 2019 Beijing China.<\/li>\n<li><strong><span style=\"color: #003366;\">IV Simposio sobre Indicaciones Geogr\u00e1ficas GIDS<\/span><\/strong>, en asociaci\u00f3n con la Oficina de Comercio Municipal de Beijing. 2019 Beijing China.<\/li>\n<li><span style=\"color: #004989;\"><strong>II Foro Internacional sobre la industria de las Ferias y los Congresos<\/strong><\/span>, en asociaci\u00f3n con China Conference and Exhibition Magazine, Asociaci\u00f3n Italiana de Ferias y Exposiciones. 2018 Shanghai China.<\/li>\n<li><span style=\"color: #004989;\"><strong>III Foro de Econom\u00eda Creativa<\/strong><\/span>, en asociaci\u00f3n con la Comisi\u00f3n Municipal de Comercio de Beijing. 2018 Beijing China.<\/li>\n<li><span style=\"color: #004989;\"><strong>II Foro One Belt and One Road para la cooperaci\u00f3n entre ciudades chinas y rusas<\/strong><\/span>, en asociaci\u00f3n con Rusia &#8211; Asociaci\u00f3n de Cooperaci\u00f3n Estrat\u00e9gica de China. 2018 Beijing China.<\/li>\n<li><span style=\"color: #004989;\"><strong>Foro Empresarial China-ASEAN<\/strong><\/span> (v\u00eda mar\u00edtima de la ruta de la seda), en asociaci\u00f3n con la Comisi\u00f3n Municipal de Comercio de Beijing, C\u00e1mara de Comercio Asi\u00e1tica para el Comercio Internacional y la Inversi\u00f3n. 2018 Beijing China.<\/li>\n<li><span style=\"color: #004989;\"><strong>Foro de Inversi\u00f3n bidireccional de Beijing<\/strong><\/span>, en asociaci\u00f3n con la Comisi\u00f3n Municipal de Comercio de Beijing. 2018 Beijing China.<\/li>\n<li><span style=\"color: #004989;\"><strong>Taller sobre c\u00f3mo ingresar al mercado chino para el sector del calzado<\/strong><\/span>, en asociaci\u00f3n con Shanghai E-commerce Cross Border Association, TP Shanghai y TP Beijing. 2018 Shanghai China.<\/li>\n<li><span style=\"color: #004989;\"><strong>I Foro Internacional sobre la industria de las Ferias y los Congresos<\/strong><\/span>, en asociaci\u00f3n con China Conference and Exhibition Magazine, Asociaci\u00f3n Italiana de Ferias y Exposiciones. 2018 Shanghai China.<\/li>\n<li><span style=\"color: #004989;\"><strong>II Foro de Econom\u00eda Creativa<\/strong><\/span>, en asociaci\u00f3n con la Comisi\u00f3n Municipal de Comercio de Beijing. 2017 Beijing China.<\/li>\n<li><span style=\"color: #004989;\"><strong>One Belt and One Road Forum para la cooperaci\u00f3n entre ciudades chinas y rusas<\/strong><\/span>, en asociaci\u00f3n con Rusia &#8211; Asociaci\u00f3n de Cooperaci\u00f3n Estrat\u00e9gica de China. 2017 Beijing China.<\/li>\n<li><span style=\"color: #004989;\"><strong>III Simposio sobre indicaciones geogr\u00e1ficas GIDS<\/strong><\/span>, en asociaci\u00f3n con la Comisi\u00f3n Municipal de Comercio de Beijing, la Oficina de Inspecci\u00f3n y Cuarentena de Entrada y Salida de Beijing. 2017 Beijing China.<\/li>\n<li><span style=\"color: #004989;\"><strong>Foro Internacional de Gesti\u00f3n de Normalizaci\u00f3n Econ\u00f3mica y Comercial<\/strong><\/span>, en asociaci\u00f3n con la Asociaci\u00f3n China de Comercio Exterior y Estad\u00edsticas Econ\u00f3micas. 2017 Beijing China.<\/li>\n<li><span style=\"color: #004989;\"><strong>II Simposio sobre Indicaciones Geogr\u00e1ficas GIDS<\/strong><\/span>, en asociaci\u00f3n con la Comisi\u00f3n Municipal de Comercio de Beijing, la Oficina de Inspecci\u00f3n y Cuarentena de Entrada y Salida de Beijing. 2016 Beijing China.<\/li>\n<\/ul>\n<p>[\/vc_column_text][\/vc_column][vc_column column_width_percent=\u00bb100&#8243; gutter_size=\u00bb3&#8243; overlay_alpha=\u00bb0&#8243; shift_x=\u00bb0&#8243; shift_y=\u00bb0&#8243; shift_y_down=\u00bb0&#8243; z_index=\u00bb0&#8243; medium_width=\u00bb0&#8243; mobile_width=\u00bb0&#8243; width=\u00bb1\/3&#8243;][vc_column_text el_class=\u00bbdescripcion\u00bb]<\/p>\n<ul>\n<li><span style=\"color: #004989;\"><strong>I Foro de Econom\u00eda Creativa<\/strong><\/span>, en asociaci\u00f3n con la Asociaci\u00f3n Unida de Alcaldes International (UAMI). 2016 Beijing China.<\/li>\n<li><span style=\"color: #004989;\"><strong>Foro Internacional productos ecol\u00f3gicos de China<\/strong><\/span>, en asociaci\u00f3n con el Consejo de China para la Promoci\u00f3n de la Cooperaci\u00f3n Internacional en Agricultura, Centro de Investigaci\u00f3n de Estrategia de Marca Internacional de China, Universidad de Negocios y Econom\u00eda Internacionales y Asociaci\u00f3n de Marca de Beijing. 2016 Beijing China<\/li>\n<li><strong><span style=\"color: #004989;\">Encuentro para la Promoci\u00f3n de venta directa<\/span><\/strong>, en asociaci\u00f3n con el grupo de medios Ying Xun, DMToday Magazine. 2016 Beijing China.<\/li>\n<li><strong><span style=\"color: #004989;\">Las 500 principales empresas de comercio exterior de China y la conferencia de clasificaci\u00f3n<\/span><\/strong>, en asociaci\u00f3n con la Asociaci\u00f3n China de Comercio Exterior y Estad\u00edsticas Econ\u00f3micas. 2016 Beijing China.<\/li>\n<li><strong><span style=\"color: #004989;\">Organizaciones Promotoras de Comercio y redes de ciudades: promoci\u00f3n del comercio y el desarrollo sostenible, reuni\u00f3n de mesa redonda<\/span><\/strong>. 2016 Edificio de las Naciones Unidas, Ginebra, Suiza.<\/li>\n<li><span style=\"color: #004989;\"><strong>Simposio sobre Indicaciones Geogr\u00e1ficas: Promoci\u00f3n del desarrollo sostenible de las peque\u00f1as y medianas empresas<\/strong><\/span>. 2015 Edificio de las Naciones Unidas, Ginebra, Suiza.<\/li>\n<li><span style=\"color: #004989;\"><strong>I Simposio sobre Indicaciones Geogr\u00e1ficas GIDS<\/strong><\/span>, en asociaci\u00f3n con la Oficina de Comercio Municipal de Beijing, 2014 Beijing China.<\/li>\n<li><span style=\"color: #004989;\"><strong>Reuni\u00f3n para la Promoci\u00f3n de empresas de marcas comerciales de servicios chinos y extranjeros<\/strong><\/span>, en asociaci\u00f3n con la asociaci\u00f3n comercial de servicios de China, Universidad de Negocios y Econom\u00eda Internacionales, Asociaci\u00f3n de Marcas de Beijing. 2014 Beijing China.<\/li>\n<li><span style=\"color: #004989;\"><strong>Reuni\u00f3n para la Promoci\u00f3n del servicio de venta directa moderna y reuni\u00f3n de explicaci\u00f3n del canal de venta directa de productos b\u00e1sicos de alta calidad<\/strong><\/span>, en asociaci\u00f3n con la Alianza Mundial CBD, DMToday Magazine. 2014 Beijing China.<\/li>\n<li><span style=\"color: #004989;\"><strong>Encuentro para la promoci\u00f3n de Servicio de Distribuci\u00f3n de empresas de marcas nacionales y extranjeras<\/strong><\/span>, en asociaci\u00f3n con Beijing Brand Association, 2013 Beijing China.<\/li>\n<li><span style=\"color: #004989;\"><strong>Reuni\u00f3n para la Promoci\u00f3n de empresas modernas de venta directa y comercio de servicios<\/strong><\/span>, en asociaci\u00f3n con DMToday Magazine, 2013 Beijing China.<\/li>\n<li><span style=\"color: #004989;\"><strong>Encuentro sobre la Promoci\u00f3n del Servicio de Distribuci\u00f3n Internacional<\/strong><\/span>, en asociaci\u00f3n con la Comisi\u00f3n de Comercio del distrito de Chaoyang (Alianza Mundial CBD de China), 2012 Beijing China.<\/li>\n<li><span style=\"color: #004989;\"><strong>Reuni\u00f3n Bilateral de promoci\u00f3n comercial entre Brasil y China<\/strong><\/span>, en asociaci\u00f3n con Brasil Asian Business Center, 2012 Beijing China.<\/li>\n<li><span style=\"color: #004989;\"><strong>Conferencia sobre Globalizaci\u00f3n de las empresas de distribuci\u00f3n chinas<\/strong><\/span>, en asociaci\u00f3n con el gobierno popular del distrito de Dongcheng, 2012 Beijing China.<\/li>\n<li><span style=\"color: #004989;\"><strong>Foro de Servicios de Informaci\u00f3n Comercial<\/strong><\/span>, 2012 Beijing China.<\/li>\n<li><span style=\"color: #004989;\"><strong>Encuentro Empresarial de Contactos Comerciales<\/strong><\/span>, en asociaci\u00f3n con Alianza Mundial CBD , 2012 Beijing China.<\/li>\n<\/ul>\n<p>[\/vc_column_text][\/vc_column][\/vc_row][vc_row unlock_row_content=\u00bbyes\u00bb row_height_percent=\u00bb30&#8243; override_padding=\u00bbyes\u00bb h_padding=\u00bb0&#8243; top_padding=\u00bb0&#8243; bottom_padding=\u00bb0&#8243; overlay_alpha=\u00bb50&#8243; gutter_size=\u00bb0&#8243; column_width_percent=\u00bb100&#8243; shift_y=\u00bb0&#8243; z_index=\u00bb0&#8243;][vc_column width=\u00bb1\/1&#8243;][vc_gallery el_id=\u00bbgallery-211007&#8243; type=\u00bbcarousel\u00bb medias=\u00bb83965,83963,83967,82281,84934,82293,82296,82283,82284&#8243; carousel_lg=\u00bb3&#8243; carousel_md=\u00bb3&#8243; carousel_sm=\u00bb1&#8243; thumb_size=\u00bbtwo-one\u00bb gutter_size=\u00bb0&#8243; carousel_interval=\u00bb3000&#8243; carousel_navspeed=\u00bb400&#8243; stage_padding=\u00bb0&#8243; single_overlay_opacity=\u00bb50&#8243; single_padding=\u00bb2&#8243; single_text_reduced=\u00bbyes\u00bb lbox_caption=\u00bbyes\u00bb][\/vc_column][\/vc_row]<\/p>\n<\/div>","protected":false},"excerpt":{"rendered":"<p>[vc_row row_height_percent=\u00bb0&#8243; overlay_alpha=\u00bb50&#8243; equal_height=\u00bbyes\u00bb gutter_size=\u00bb3&#8243; column_width_percent=\u00bb100&#8243; shift_y=\u00bb0&#8243; z_index=\u00bb0&#8243; css=\u00bb.vc_custom_1597170689946{padding-right: 10px !important;}\u00bb][vc_column column_width_percent=\u00bb100&#8243; gutter_size=\u00bb3&#8243; overlay_alpha=\u00bb50&#8243; border_color=\u00bbaccent\u00bb border_style=\u00bbsolid\u00bb shift_x=\u00bb0&#8243; shift_y=\u00bb0&#8243; shift_y_down=\u00bb0&#8243; z_index=\u00bb0&#8243; [&hellip;]<\/p>\n","protected":false},"author":1,"featured_media":82822,"parent":0,"menu_order":0,"comment_status":"closed","ping_status":"closed","template":"","meta":{"footnotes":""},"class_list":["post-86177","page","type-page","status-publish","has-post-thumbnail","hentry"],"_links":{"self":[{"href":"https:\/\/www.tradepoint.org\/es\/wp-json\/wp\/v2\/pages\/86177","targetHints":{"allow":["GET"]}}],"collection":[{"href":"https:\/\/www.tradepoint.org\/es\/wp-json\/wp\/v2\/pages"}],"about":[{"href":"https:\/\/www.tradepoint.org\/es\/wp-json\/wp\/v2\/types\/page"}],"author":[{"embeddable":true,"href":"https:\/\/www.tradepoint.org\/es\/wp-json\/wp\/v2\/users\/1"}],"replies":[{"embeddable":true,"href":"https:\/\/www.tradepoint.org\/es\/wp-json\/wp\/v2\/comments?post=86177"}],"version-history":[{"count":2,"href":"https:\/\/www.tradepoint.org\/es\/wp-json\/wp\/v2\/pages\/86177\/revisions"}],"predecessor-version":[{"id":90520,"href":"https:\/\/www.tradepoint.org\/es\/wp-json\/wp\/v2\/pages\/86177\/revisions\/90520"}],"wp:featuredmedia":[{"embeddable":true,"href":"https:\/\/www.tradepoint.org\/es\/wp-json\/wp\/v2\/media\/82822"}],"wp:attachment":[{"href":"https:\/\/www.tradepoint.org\/es\/wp-json\/wp\/v2\/media?parent=86177"}],"curies":[{"name":"wp","href":"https:\/\/api.w.org\/{rel}","templated":true}]}}