{"id":85928,"date":"2020-08-08T22:36:06","date_gmt":"2020-08-08T22:36:06","guid":{"rendered":"https:\/\/tradepoint.org\/?page_id=85928"},"modified":"2024-04-19T22:58:54","modified_gmt":"2024-04-19T22:58:54","slug":"e-trade-desks","status":"publish","type":"page","link":"https:\/\/www.tradepoint.org\/es\/e-trade-desks\/","title":{"rendered":"e-trade desks"},"content":{"rendered":"<div class=\"wpb-content-wrapper\"><p>[vc_row][vc_column width=\u00bb1\/1&#8243;][vc_custom_heading text_color=\u00bbcolor-200012&#8243; text_weight=\u00bb400&#8243; uncode_shortcode_id=\u00bb931963&#8243; text_color_type=\u00bbuncode-palette\u00bb]Convi\u00e9rtase en un e-Trade Desk[\/vc_custom_heading][vc_column_text el_class=\u00bbdescripcion\u00bb uncode_shortcode_id=\u00bb228037&#8243;]Los <strong>e-Trade Desks<\/strong> reflejan el nuevo enfoque del WTPF a los desaf\u00edos actuales que enfrentan las PYMEs en el entorno de la econom\u00eda digital en general y el comercio internacional en particular.<\/p>\n<p>Aunque las peque\u00f1as y medianas empresas (PYME) representan la gran mayor\u00eda de las empresas en todo el mundo, su participaci\u00f3n en el comercio internacional sigue siendo limitada en relaci\u00f3n con su participaci\u00f3n en la actividad econ\u00f3mica general y el empleo en comparaci\u00f3n con las grandes empresas.<\/p>\n<p>Sin embargo, el auge de la econom\u00eda digital podr\u00eda abrir una gama de nuevas oportunidades para que las peque\u00f1as empresas desempe\u00f1en un papel m\u00e1s activo en las cadenas de valor mundiales<\/p>\n<p>\u2026 Y aqu\u00ed viene el importante papel que juegan los e-Trade Desks como parte de una red f\u00edsica de prestigiosas instituciones y autoridades gubernamentales locales a escala global, teniendo la misi\u00f3n de apoyar a las PYMEs a comerciar dentro de un ecosistema de confianza basado en datos comerciales certificados.<\/p>\n<p><strong>e-Trade Desks<\/strong> constituyen Centros de Acceso a un Programa de comercio electr\u00f3nico y su plataforma digital desarrollada por WTPF y un Hub para la promoci\u00f3n de herramientas de comercio electr\u00f3nico transfronterizo. Los <strong>e-Trade Desks<\/strong> brindan dos servicios centralizados principales:<\/p>\n<p style=\"padding-left: 40px;\">\u2013 <strong>Identidad Digital Certificada (e-Trade ID)<\/strong> \u2013 para las PYME que desean operar internacionalmente y aprovechar las nuevas oportunidades y nuevos clientes en todo el mundo;<br \/>\n\u2013 acceso al <strong>Sistema confiable de Oportunidades de Comercio Electr\u00f3nico (ETO)<\/strong><\/p>\n<p>Adem\u00e1s y en respuesta a las necesidades locales de la comunidad de PYME, un <strong>e-Trade Desk<\/strong> proporciona una serie de servicios de valor agregado.<br \/>\nLos <strong>e-Trade Desks<\/strong> est\u00e1n alojados por entidades confiables y acreditadas que est\u00e1n obligadas por un acuerdo legal con el WTPF, a seguir un c\u00f3digo de conducta y reglas espec\u00edficas con respecto a sus actividades dentro de la red de la Federaci\u00f3n.[\/vc_column_text][vc_row_inner row_inner_height_percent=\u00bb0&#8243; back_color=\u00bbcolor-834884&#8243; overlay_alpha=\u00bb50&#8243; equal_height=\u00bbyes\u00bb gutter_size=\u00bb3&#8243; shift_y=\u00bb0&#8243; z_index=\u00bb0&#8243; css=\u00bb.vc_custom_1589743521226{padding-top: 30px !important;padding-right: 20px !important;padding-bottom: 30px !important;padding-left: 20px !important;}\u00bb limit_content=\u00bb\u00bb][vc_column_inner column_width_percent=\u00bb100&#8243; gutter_size=\u00bb3&#8243; overlay_alpha=\u00bb50&#8243; shift_x=\u00bb0&#8243; shift_y=\u00bb0&#8243; shift_y_down=\u00bb0&#8243; z_index=\u00bb0&#8243; medium_width=\u00bb0&#8243; mobile_width=\u00bb0&#8243; width=\u00bb1\/1&#8243; css=\u00bb.vc_custom_1589233632857{border-right-width: 20px !important;padding-left: 20px !important;}\u00bb][vc_column_text el_class=\u00bbcontact-mail\u00bb]<\/p>\n<p style=\"text-align: center;\"><strong>Contacto: <\/strong><a href=\"mailto:secretariat@tradepoint.org\">secretariat@tradepoint.org<\/a><\/p>\n<p>[\/vc_column_text][\/vc_column_inner][\/vc_row_inner][\/vc_column][\/vc_row]<\/p>\n<\/div>","protected":false},"excerpt":{"rendered":"<p>[vc_row][vc_column width=\u00bb1\/1&#8243;][vc_custom_heading text_color=\u00bbcolor-200012&#8243; text_weight=\u00bb400&#8243; uncode_shortcode_id=\u00bb931963&#8243; text_color_type=\u00bbuncode-palette\u00bb]Convi\u00e9rtase en un e-Trade Desk[\/vc_custom_heading][vc_column_text el_class=\u00bbdescripcion\u00bb uncode_shortcode_id=\u00bb228037&#8243;]Los e-Trade Desks reflejan el nuevo enfoque del WTPF [&hellip;]<\/p>\n","protected":false},"author":1,"featured_media":81172,"parent":0,"menu_order":0,"comment_status":"closed","ping_status":"closed","template":"","meta":{"footnotes":""},"class_list":["post-85928","page","type-page","status-publish","has-post-thumbnail","hentry"],"_links":{"self":[{"href":"https:\/\/www.tradepoint.org\/es\/wp-json\/wp\/v2\/pages\/85928","targetHints":{"allow":["GET"]}}],"collection":[{"href":"https:\/\/www.tradepoint.org\/es\/wp-json\/wp\/v2\/pages"}],"about":[{"href":"https:\/\/www.tradepoint.org\/es\/wp-json\/wp\/v2\/types\/page"}],"author":[{"embeddable":true,"href":"https:\/\/www.tradepoint.org\/es\/wp-json\/wp\/v2\/users\/1"}],"replies":[{"embeddable":true,"href":"https:\/\/www.tradepoint.org\/es\/wp-json\/wp\/v2\/comments?post=85928"}],"version-history":[{"count":1,"href":"https:\/\/www.tradepoint.org\/es\/wp-json\/wp\/v2\/pages\/85928\/revisions"}],"predecessor-version":[{"id":90036,"href":"https:\/\/www.tradepoint.org\/es\/wp-json\/wp\/v2\/pages\/85928\/revisions\/90036"}],"wp:featuredmedia":[{"embeddable":true,"href":"https:\/\/www.tradepoint.org\/es\/wp-json\/wp\/v2\/media\/81172"}],"wp:attachment":[{"href":"https:\/\/www.tradepoint.org\/es\/wp-json\/wp\/v2\/media?parent=85928"}],"curies":[{"name":"wp","href":"https:\/\/api.w.org\/{rel}","templated":true}]}}