{"id":81734,"date":"2019-11-03T00:17:05","date_gmt":"2019-11-03T00:17:05","guid":{"rendered":"https:\/\/tradepoint.org\/?page_id=81734"},"modified":"2024-12-07T22:19:06","modified_gmt":"2024-12-07T22:19:06","slug":"herramientas","status":"publish","type":"page","link":"https:\/\/www.tradepoint.org\/es\/herramientas\/","title":{"rendered":"Herramientas"},"content":{"rendered":"<div class=\"wpb-content-wrapper\"><p>[vc_row row_height_percent=\u00bb0&#8243; overlay_alpha=\u00bb50&#8243; gutter_size=\u00bb3&#8243; column_width_percent=\u00bb100&#8243; shift_y=\u00bb0&#8243; z_index=\u00bb0&#8243; row_name=\u00bbcapacitacion\u00bb][vc_column width=\u00bb1\/1&#8243;][vc_row_inner limit_content=\u00bb\u00bb][vc_column_inner width=\u00bb2\/3&#8243;][vc_custom_heading heading_semantic=\u00bbh5&#8243; text_size=\u00bbh5&#8243; text_transform=\u00bbuppercase\u00bb uncode_shortcode_id=\u00bb139347&#8243;]Capacitaci\u00f3n[\/vc_custom_heading][vc_column_text uncode_shortcode_id=\u00bb144733&#8243;]Utilizando una variedad de herramientas digitales y cl\u00e1sicas de capacitaci\u00f3n y comunicaci\u00f3n, como seminarios web, reuniones electr\u00f3nicas, m\u00f3dulos de capacitaci\u00f3n, conferencias, asistencia y consultor\u00eda, la WTPF es el socio id\u00f3neo en capacitaci\u00f3n para las empresas e instituciones que se enfrentan a una competencia internacional feroz, que compiten en mercados exigentes y fragmentados y con acelerados cambios tecnol\u00f3gicos, donde cada vez es m\u00e1s importante el comercio electr\u00f3nico.[\/vc_column_text][\/vc_column_inner][vc_column_inner width=\u00bb1\/3&#8243;][vc_single_image media=\u00bb81159&#8243; media_width_percent=\u00bb100&#8243; media_ratio=\u00bbfour-three\u00bb][\/vc_column_inner][\/vc_row_inner][vc_separator sep_color=\u00bbaccent\u00bb el_height=\u00bb1px\u00bb][\/vc_column][\/vc_row][vc_row row_height_percent=\u00bb0&#8243; overlay_alpha=\u00bb50&#8243; gutter_size=\u00bb3&#8243; column_width_percent=\u00bb100&#8243; shift_y=\u00bb0&#8243; z_index=\u00bb0&#8243; row_name=\u00bbnetworking\u00bb][vc_column width=\u00bb1\/1&#8243;][vc_row_inner limit_content=\u00bb\u00bb][vc_column_inner width=\u00bb2\/3&#8243;][vc_custom_heading heading_semantic=\u00bbh5&#8243; text_size=\u00bbh5&#8243; text_transform=\u00bbuppercase\u00bb uncode_shortcode_id=\u00bb841827&#8243;]Networking[\/vc_custom_heading][vc_column_text uncode_shortcode_id=\u00bb191614&#8243;]La WTPF a trav\u00e9s de sus redes Trade Point y e-Trade Desk crea un entorno confiable para la colaboraci\u00f3n entre las empresas. Aqu\u00ed obtienen nuevos contactos y referencias de los clientes, certificadas por un e-Trade ID, exploran nuevas oportunidades de colaboraci\u00f3n y perspectivas de expansi\u00f3n, as\u00ed como una mejor visibilidad virtual. La red fomenta el intercambio de conocimientos y experiencias sobre las tendencias del comercio electr\u00f3nico, las innovaciones tecnol\u00f3gicas y los temas de ciberseguridad.[\/vc_column_text][\/vc_column_inner][vc_column_inner width=\u00bb1\/3&#8243;][vc_single_image media=\u00bb81736&#8243; media_width_percent=\u00bb100&#8243; media_ratio=\u00bbfour-three\u00bb][\/vc_column_inner][\/vc_row_inner][vc_separator sep_color=\u00bb,Default\u00bb][\/vc_column][\/vc_row][vc_row row_height_percent=\u00bb0&#8243; overlay_alpha=\u00bb50&#8243; gutter_size=\u00bb3&#8243; column_width_percent=\u00bb100&#8243; shift_y=\u00bb0&#8243; z_index=\u00bb0&#8243; row_name=\u00bbcontactos-comerciales\u00bb][vc_column width=\u00bb1\/1&#8243;][vc_row_inner limit_content=\u00bb\u00bb][vc_column_inner width=\u00bb2\/3&#8243;][vc_custom_heading heading_semantic=\u00bbh5&#8243; text_size=\u00bbh5&#8243; text_transform=\u00bbuppercase\u00bb uncode_shortcode_id=\u00bb629426&#8243;]Contactos Comerciales[\/vc_custom_heading][vc_column_text uncode_shortcode_id=\u00bb203255&#8243;]Con su presencia global, WTPF proporciona contactos para su negocio, conectando la oferta y la demanda de bienes y servicios, todo basado en la confianza y la veracidad de los datos. El sitio web de la Federaci\u00f3n es la principal fuente de informaci\u00f3n comercial y conecta con otras organizaciones internacionales activas en el comercio internacional. La plataforma ETO Trust es el mercado virtual de la WTPF donde las empresas interact\u00faan y cooperan a nivel mundial.[\/vc_column_text][\/vc_column_inner][vc_column_inner width=\u00bb1\/3&#8243;][vc_single_image media=\u00bb81175&#8243; media_width_percent=\u00bb100&#8243; media_ratio=\u00bbfour-three\u00bb][\/vc_column_inner][\/vc_row_inner][vc_separator sep_color=\u00bb,Default\u00bb][\/vc_column][\/vc_row][vc_row row_height_percent=\u00bb0&#8243; overlay_alpha=\u00bb50&#8243; gutter_size=\u00bb3&#8243; column_width_percent=\u00bb100&#8243; shift_y=\u00bb0&#8243; z_index=\u00bb0&#8243; row_name=\u00bbasistencia\u00bb][vc_column width=\u00bb1\/1&#8243;][vc_row_inner limit_content=\u00bb\u00bb][vc_column_inner width=\u00bb2\/3&#8243;][vc_custom_heading heading_semantic=\u00bbh5&#8243; text_size=\u00bb\u00bb text_transform=\u00bbuppercase\u00bb uncode_shortcode_id=\u00bb303979&#8243;]Asistencia &amp; Asociaci\u00f3n[\/vc_custom_heading][vc_column_text uncode_shortcode_id=\u00bb302708&#8243;]La WTPF comparte el conocimiento adquirido en el campo de varios programas de financiaci\u00f3n, como PNUD, BIRF, AIF, UE, BEI, al ofrecer asistencia en la b\u00fasqueda de iniciativas dirigidas a financiar ideas y proyectos innovadores en m\u00faltiples sectores. Ayuda a las pymes, gobiernos, entidades u organizaciones de la sociedad civil, ya sea en asociaciones privadas-privadas o privadas-p\u00fablicas, en todas las fases de la preparaci\u00f3n y gesti\u00f3n de un proyecto, identificaci\u00f3n del programa de financiaci\u00f3n m\u00e1s adecuado, hasta la planificaci\u00f3n operativa.[\/vc_column_text][\/vc_column_inner][vc_column_inner width=\u00bb1\/3&#8243;][vc_single_image media=\u00bb81150&#8243; media_width_percent=\u00bb100&#8243; media_ratio=\u00bbfour-three\u00bb][\/vc_column_inner][\/vc_row_inner][vc_separator sep_color=\u00bb,Default\u00bb][\/vc_column][\/vc_row]<\/p>\n<\/div>","protected":false},"excerpt":{"rendered":"<p>[vc_row row_height_percent=\u00bb0&#8243; overlay_alpha=\u00bb50&#8243; gutter_size=\u00bb3&#8243; column_width_percent=\u00bb100&#8243; shift_y=\u00bb0&#8243; z_index=\u00bb0&#8243; row_name=\u00bbcapacitacion\u00bb][vc_column width=\u00bb1\/1&#8243;][vc_row_inner limit_content=\u00bb\u00bb][vc_column_inner width=\u00bb2\/3&#8243;][vc_custom_heading heading_semantic=\u00bbh5&#8243; text_size=\u00bbh5&#8243; text_transform=\u00bbuppercase\u00bb uncode_shortcode_id=\u00bb139347&#8243;]Capacitaci\u00f3n[\/vc_custom_heading][vc_column_text uncode_shortcode_id=\u00bb144733&#8243;]Utilizando una variedad de herramientas [&hellip;]<\/p>\n","protected":false},"author":1,"featured_media":81735,"parent":0,"menu_order":0,"comment_status":"closed","ping_status":"closed","template":"","meta":{"footnotes":""},"class_list":["post-81734","page","type-page","status-publish","has-post-thumbnail","hentry"],"_links":{"self":[{"href":"https:\/\/www.tradepoint.org\/es\/wp-json\/wp\/v2\/pages\/81734","targetHints":{"allow":["GET"]}}],"collection":[{"href":"https:\/\/www.tradepoint.org\/es\/wp-json\/wp\/v2\/pages"}],"about":[{"href":"https:\/\/www.tradepoint.org\/es\/wp-json\/wp\/v2\/types\/page"}],"author":[{"embeddable":true,"href":"https:\/\/www.tradepoint.org\/es\/wp-json\/wp\/v2\/users\/1"}],"replies":[{"embeddable":true,"href":"https:\/\/www.tradepoint.org\/es\/wp-json\/wp\/v2\/comments?post=81734"}],"version-history":[{"count":2,"href":"https:\/\/www.tradepoint.org\/es\/wp-json\/wp\/v2\/pages\/81734\/revisions"}],"predecessor-version":[{"id":91176,"href":"https:\/\/www.tradepoint.org\/es\/wp-json\/wp\/v2\/pages\/81734\/revisions\/91176"}],"wp:featuredmedia":[{"embeddable":true,"href":"https:\/\/www.tradepoint.org\/es\/wp-json\/wp\/v2\/media\/81735"}],"wp:attachment":[{"href":"https:\/\/www.tradepoint.org\/es\/wp-json\/wp\/v2\/media?parent=81734"}],"curies":[{"name":"wp","href":"https:\/\/api.w.org\/{rel}","templated":true}]}}