{"id":81727,"date":"2019-11-02T23:49:56","date_gmt":"2019-11-02T23:49:56","guid":{"rendered":"https:\/\/tradepoint.org\/?page_id=81727"},"modified":"2024-12-07T22:15:16","modified_gmt":"2024-12-07T22:15:16","slug":"areas","status":"publish","type":"page","link":"https:\/\/www.tradepoint.org\/es\/areas\/","title":{"rendered":"\u00c1reas"},"content":{"rendered":"<div class=\"wpb-content-wrapper\"><p>[vc_row unlock_row_content=\u00bbyes\u00bb row_height_percent=\u00bb0&#8243; overlay_alpha=\u00bb100&#8243; gutter_size=\u00bb100&#8243; column_width_percent=\u00bb100&#8243; border_color=\u00bbcolor-gyho\u00bb border_style=\u00bbsolid\u00bb shift_y=\u00bb0&#8243; z_index=\u00bb0&#8243; style=\u00bbinherited\u00bb css=\u00bb.vc_custom_1707341373873{border-bottom-width: 1px !important;}\u00bb uncode_shortcode_id=\u00bb736143&#8243; border_color_type=\u00bbuncode-palette\u00bb][vc_column column_width_percent=\u00bb100&#8243; position_horizontal=\u00bbleft\u00bb gutter_size=\u00bb3&#8243; overlay_alpha=\u00bb50&#8243; shift_x=\u00bb0&#8243; shift_y=\u00bb0&#8243; shift_y_down=\u00bb0&#8243; z_index=\u00bb0&#8243; medium_width=\u00bb0&#8243; mobile_width=\u00bb0&#8243; zoom_width=\u00bb0&#8243; zoom_height=\u00bb0&#8243; width=\u00bb1\/1&#8243; uncode_shortcode_id=\u00bb779869&#8243;][vc_tabs vertical=\u00bbyes\u00bb history=\u00bbyes\u00bb tab_no_fade=\u00bbyes\u00bb tab_no_border=\u00bbyes\u00bb tab_h_border=\u00bbyes\u00bb valign_middle=\u00bbyes\u00bb tab_custom_size=\u00bbyes\u00bb tab_size=\u00bb5&#8243; tab_gap=\u00bb2&#8243; custom_padding=\u00bbyes\u00bb gutter_tab=\u00bb1&#8243; active_bg_color=\u00bbcolor-lxmt\u00bb active_txt_color=\u00bbcolor-105782&#8243; accordion_bp=\u00bbyes\u00bb excerpt_text_size=\u00bbsmall\u00bb uncode_shortcode_id=\u00bb512056&#8243; active_bg_color_type=\u00bbuncode-palette\u00bb active_txt_color_type=\u00bbuncode-palette\u00bb][vc_tab gutter_size=\u00bb2&#8243; column_padding=\u00bb2&#8243; tab_id=\u00bb1427378744920-0-1015704030422211572738142125&#8243; title=\u00bbComercio Electr\u00f3nico\u00bb slug=\u00bbcomercio-electronico\u00bb][vc_column_text text_lead=\u00bbsmall\u00bb css=\u00bb.vc_custom_1710790332587{margin-top: 10px !important;}\u00bb uncode_shortcode_id=\u00bb192144&#8243;]<\/p>\n<p style=\"text-align: left;\">Las ventas mundiales de comercio electr\u00f3nico se consolidaron, en la \u00faltima d\u00e9cada, como un importante componente del volumen de negocios internacionales.<\/p>\n<p style=\"text-align: left;\">WTPF a trav\u00e9s de su red global de Tradepoints y e-Trade Desks promueve y facilita la participaci\u00f3n de las pymes en el comercio electr\u00f3nico transfronterizo proporcionando un ecosistema integral de herramientas.<\/p>\n<p>[\/vc_column_text][vc_empty_space empty_h=\u00bb2&#8243;][\/vc_tab][vc_tab title=\u00bbEconom\u00eda Digital\u00bb tab_id=\u00bb1427378745229-0-115704030422211572738142125&#8243; slug=\u00bbeconomia-digital\u00bb][vc_column_text text_lead=\u00bbsmall\u00bb uncode_shortcode_id=\u00bb103251&#8243;]Trabajamos diariamente para que empresas, instituciones y gobiernos municipales incorporen tecnolog\u00eda digital a todas las actividades y servicios que tienen un impacto en la facilitaci\u00f3n del comercio, el desarrollo de negocios y empresas.[\/vc_column_text][\/vc_tab][vc_tab title=\u00bbComercio de Servicios\u00bb tab_id=\u00bb1572738520167-3-4&#8243; slug=\u00bbcomercio-de-servicios\u00bb][vc_column_text text_lead=\u00bbsmall\u00bb uncode_shortcode_id=\u00bb937865&#8243;]Los servicios se han convertido en el sector m\u00e1s din\u00e1mico del comercio mundial. Desde log\u00edstica hasta finanzas, inform\u00e1tica, servicios empresariales y entretenimiento, los servicios atraen dos tercios de la inversi\u00f3n extranjera directa y proporcionan casi dos tercios de los empleos en los pa\u00edses en desarrollo.<\/p>\n<p>WTPF es miembro de la Alianza Global de Comercio de Servicios y parte del Comit\u00e9 de Visi\u00f3n del Comercio Global de Servicios del Gobierno de Beijing, China. Tambi\u00e9n es socio internacional de la Feria de Comercio de Servicios de China (CIFTIS).[\/vc_column_text][\/vc_tab][vc_tab title=\u00bbIndustrias Creativas\u00bb tab_id=\u00bb1572738445607-3-2&#8243; slug=\u00bbindustria-creativa\u00bb][vc_column_text text_lead=\u00bbsmall\u00bb uncode_shortcode_id=\u00bb914302&#8243;]WTPF trabaja en estrecha colaboraci\u00f3n con organizaciones internacionales en Ginebra para promover el desarrollo y el comercio de industrias creativas como nuevas fuentes de innovaci\u00f3n y competitividad a trav\u00e9s de la creatividad, el talento individual y la habilidad.[\/vc_column_text][\/vc_tab][vc_tab title=\u00bbComercio Cultural\u00bb tab_id=\u00bb1572738546389-4-6&#8243; slug=\u00bbcomercio-cultural\u00bb][vc_column_text text_lead=\u00bbsmall\u00bb uncode_shortcode_id=\u00bb161612&#8243;]Con la adopci\u00f3n de la agenda 2030 para el desarrollo sostenible en 2015, la cultura es reconocida globalmente como un facilitador y contribuyente al desarrollo sostenible.<\/p>\n<p>En el mundo de la digitalizaci\u00f3n, la desmaterializaci\u00f3n ha impactado en los bienes culturales. Varios de ellos ahora son accesibles electr\u00f3nicamente y se comercializan casi como productos f\u00edsicos.<br \/>\nWTPF y sus miembros est\u00e1n comprometidos a apoyar a las peque\u00f1as empresas de arte en el desaf\u00edo de aprovechar este nuevo mundo de oportunidades.[\/vc_column_text][\/vc_tab][vc_tab title=\u00bbLucha contra el Comercio Il\u00edcito\u00bb tab_id=\u00bb1572738567173-5-7&#8243; slug=\u00bblucha-comercio-ilicito\u00bb][vc_column_text text_lead=\u00bbsmall\u00bb uncode_shortcode_id=\u00bb160588&#8243;]El valor del comercio il\u00edcito hoy, es equivalente al 10% del comercio mundial y entre el 8% y el 15% del PIB mundial.<\/p>\n<p>En cooperaci\u00f3n con la fundaci\u00f3n suiza OISTE, organizamos talleres y foros internacionales con socios estrat\u00e9gicos, nacionales e internacionales, para generar conciencia sobre los efectos del comercio il\u00edcito y c\u00f3mo la tecnolog\u00eda puede combatirlo especialmente con el uso del blockchain.[\/vc_column_text][\/vc_tab][\/vc_tabs][\/vc_column][\/vc_row]<\/p>\n<\/div>","protected":false},"excerpt":{"rendered":"<p>[vc_row unlock_row_content=\u00bbyes\u00bb row_height_percent=\u00bb0&#8243; overlay_alpha=\u00bb100&#8243; gutter_size=\u00bb100&#8243; column_width_percent=\u00bb100&#8243; border_color=\u00bbcolor-gyho\u00bb border_style=\u00bbsolid\u00bb shift_y=\u00bb0&#8243; z_index=\u00bb0&#8243; style=\u00bbinherited\u00bb css=\u00bb.vc_custom_1707341373873{border-bottom-width: 1px !important;}\u00bb uncode_shortcode_id=\u00bb736143&#8243; border_color_type=\u00bbuncode-palette\u00bb][vc_column column_width_percent=\u00bb100&#8243; position_horizontal=\u00bbleft\u00bb gutter_size=\u00bb3&#8243; overlay_alpha=\u00bb50&#8243; [&hellip;]<\/p>\n","protected":false},"author":1,"featured_media":89586,"parent":0,"menu_order":0,"comment_status":"closed","ping_status":"closed","template":"","meta":{"footnotes":""},"class_list":["post-81727","page","type-page","status-publish","has-post-thumbnail","hentry"],"_links":{"self":[{"href":"https:\/\/www.tradepoint.org\/es\/wp-json\/wp\/v2\/pages\/81727","targetHints":{"allow":["GET"]}}],"collection":[{"href":"https:\/\/www.tradepoint.org\/es\/wp-json\/wp\/v2\/pages"}],"about":[{"href":"https:\/\/www.tradepoint.org\/es\/wp-json\/wp\/v2\/types\/page"}],"author":[{"embeddable":true,"href":"https:\/\/www.tradepoint.org\/es\/wp-json\/wp\/v2\/users\/1"}],"replies":[{"embeddable":true,"href":"https:\/\/www.tradepoint.org\/es\/wp-json\/wp\/v2\/comments?post=81727"}],"version-history":[{"count":2,"href":"https:\/\/www.tradepoint.org\/es\/wp-json\/wp\/v2\/pages\/81727\/revisions"}],"predecessor-version":[{"id":90522,"href":"https:\/\/www.tradepoint.org\/es\/wp-json\/wp\/v2\/pages\/81727\/revisions\/90522"}],"wp:featuredmedia":[{"embeddable":true,"href":"https:\/\/www.tradepoint.org\/es\/wp-json\/wp\/v2\/media\/89586"}],"wp:attachment":[{"href":"https:\/\/www.tradepoint.org\/es\/wp-json\/wp\/v2\/media?parent=81727"}],"curies":[{"name":"wp","href":"https:\/\/api.w.org\/{rel}","templated":true}]}}